{"id":7316,"date":"2021-05-19T15:02:55","date_gmt":"2021-05-19T12:02:55","guid":{"rendered":"https:\/\/www.grandl-web.ro\/web\/?page_id=7316"},"modified":"2021-05-28T17:21:59","modified_gmt":"2021-05-28T14:21:59","slug":"politica-cookies","status":"publish","type":"page","link":"https:\/\/www.grandl-web.ro\/web\/politica-cookies\/","title":{"rendered":"Politic\u0103 Cookies"},"content":{"rendered":"\t\t<div data-elementor-type=\"wp-page\" data-elementor-id=\"7316\" class=\"elementor elementor-7316\" data-elementor-settings=\"[]\">\n\t\t\t\t\t\t\t<div class=\"elementor-section-wrap\">\n\t\t\t\t\t\t\t<section class=\"elementor-section elementor-top-section elementor-element elementor-element-a17bcc9 elementor-section-boxed elementor-section-height-default elementor-section-height-default\" data-id=\"a17bcc9\" data-element_type=\"section\">\n\t\t\t\t\t\t<div class=\"elementor-container elementor-column-gap-default\">\n\t\t\t\t\t<div class=\"elementor-column elementor-col-100 elementor-top-column elementor-element elementor-element-47f5065 ot-flex-column-vertical\" data-id=\"47f5065\" data-element_type=\"column\">\n\t\t\t<div class=\"elementor-widget-wrap elementor-element-populated\">\n\t\t\t\t\t\t\t\t<div class=\"elementor-element elementor-element-ba465ab elementor-widget elementor-widget-text-editor\" data-id=\"ba465ab\" data-element_type=\"widget\" data-widget_type=\"text-editor.default\">\n\t\t\t\t<div class=\"elementor-widget-container\">\n\t\t\t\t\t\t\t\t<p><strong>Politica de utilizare cookie-uri<\/strong><\/p><p>Aceasta politica se refera la cookie-urile operate de GRANDL WEB.RO (GRANDL WEB TEAM S.R.L.) si completeaza politica de prelucrare GRANDL WEB.RO (GRANDL WEB TEAM S.R.L.)in ceea ce priveste\u00a0<a href=\"https:\/\/www.pcgarage.ro\/info\/comenzi\/termeni-si-conditii\/\">conditiile de utilizare<\/a>\u00a0a site-ului si cea a\u00a0<a href=\"https:\/\/www.pcgarage.ro\/info\/prima-vizita\/general-data-protection-regulation\/\">protectiei si prelucrarii datelor cu caracter personal<\/a>\u00a0in concordanta cu Regulamentul (UE) 2016\/679 (&#8220;Regulamentul general privind protectia datelor&#8221; sau &#8220;GDPR&#8221;).<\/p><p>Poti contacta in orice moment Responsabilul GRANDL WEB.RO (GRANDL WEB TEAM S.R.L.) cu protectia datelor prin transmiterea solicitarii dvs prin oricare dintre urmatoarele modalitati:<\/p><ul><li>Prin posta la adresa: Strada Rachitasi nr 68, et.1, interfon 6<\/li><li>Prin e-mail la adresa: contact@grandl-web.ro<\/li><\/ul><p><strong>Ce sunt cookie-urile?<\/strong><\/p><p>Cookie-urile sunt fisiere text pe care browser-ul tau le stocheaza cand vizitezi site-ul, pentru ca acesta sa tina minte preferintele tale si anumite informatii (cum ar fi limba afisata si optiunile setate in site), astfel incat sa-ti ofere o experienta de navigare personalizata si optimizata din punct de vedere afisare si continut. Cookie-urile contin informatii despre IP-ul tau, despre tipul de browser, despre device, despre anumite preferinte de navigare setate de tine pe site, chiar daca nu esti logat. Cookie-urile nu te pot identifica in mod direct, insa IP-ul tau poate fi asociat cu o tara, o localitate si un furnizor de acces la Internet. Cooki-urile pot fi stocate in browser de catre site-ul vizitat sau de catre servicii partenere de analiza de trafic sau de publicitate.\u00a0<\/p><p>Pentru ca respectam dreptul tau la confidentialitate, poti alege activarea sau dezactivarea anumitor tipuri de cookie-uri, preferinte pe care le poti exprima in continuare.<\/p><p><strong>Ce tipuri de Cookie-uri foloseste acest site?<\/strong><\/p><ul><li>Cookie-uri necesare;<\/li><li>Cookie-uri de analiza de traffic;<\/li><li>Cookie-uri de inregistrare;<\/li><li>Cookie-uri de marketing;<\/li><\/ul><p><strong>\u00a0<\/strong><\/p><p><strong>Cookie-uri necesare:<\/strong><\/p><p>Cookie-urile necesare ajuta la functionarea corecta a website-ului si nu pot fi dezactivate. Acestea sunt cookie-uri care stocheaza informatii legate de preferintele pe care le declare in site: acceptarea politicilor, inclusive cea de cookie-uri, preferinta de limba, informatii si preferinte de login. Aceste cookie-uri nu contin date personale prin care poti fi identificat in mod direct.\u00a0<\/p><p>Puteti seta browser-ul dumneavoastra pentru a bloca aceste cookie-uri, insa in acest caz anumite sectiuni ale website-ului nu vor functiona corect.<\/p><table><tbody><tr><td width=\"144\"><p>Denumire<\/p><\/td><td width=\"141\"><p>Scop<\/p><\/td><td width=\"139\"><p>Tip<\/p><\/td><td width=\"142\"><p>Expira<\/p><\/td><\/tr><tr><td width=\"144\"><p>\u00a0<\/p><\/td><td width=\"141\"><p>\u00a0<\/p><\/td><td width=\"139\"><p>\u00a0<\/p><\/td><td width=\"142\"><p>\u00a0<\/p><\/td><\/tr><tr><td width=\"144\"><p>\u00a0<\/p><\/td><td width=\"141\"><p>\u00a0<\/p><\/td><td width=\"139\"><p>\u00a0<\/p><\/td><td width=\"142\"><p>\u00a0<\/p><\/td><\/tr><tr><td width=\"144\"><p>\u00a0<\/p><\/td><td width=\"141\"><p>\u00a0<\/p><\/td><td width=\"139\"><p>\u00a0<\/p><\/td><td width=\"142\"><p>\u00a0<\/p><\/td><\/tr><\/tbody><\/table><p>\u00a0<\/p><p><strong>Cookie-uri de analiza traffic<\/strong>:<\/p><p>Cookie-urile de analiza de trafic stocheaza informatii de ordin statistic, anonim, despre data si ora fiecarei vizite pe site, durata vizitei, paginile accesate si actiunile in fiecare pagina. Unele cookie-uri pot inregistra miscarea cursorului pe ecran, pentru a determina care au fost zonele de interes urmarite de vizitatorii site-ului.\u00a0<\/p><p>Aceste cookie-uri sunt instalate de module ale unor parti terte, utilizate in dezvoltarea site-ului, si procesate de acestea in mod anonimizat, pentru a ne furniza rapoarte centralizate despre traficul pe site.\u00a0<\/p><p>\u00a0<\/p><table><tbody><tr><td width=\"142\"><p>Denumire<\/p><\/td><td width=\"140\"><p>Tip<\/p><\/td><td width=\"144\"><p>Descriere<\/p><\/td><td width=\"140\"><p>Durata<\/p><\/td><\/tr><tr><td width=\"142\"><p>_ga<\/p><\/td><td width=\"140\"><p>Analize<\/p><\/td><td width=\"144\"><p>Acest cookie este setat de Facebook pentru a livra reclame atunci c\u00e2nd acestea sunt pe Facebook sau o platform\u0103 digital\u0103 alimentat\u0103 de publicitatea Facebook dup\u0103 ce a\u021bi vizitat acest site web.<\/p><\/td><td width=\"140\"><p>2 ani<\/p><\/td><\/tr><tr><td width=\"142\"><p>\u00a0<\/p><\/td><td width=\"140\"><p>\u00a0<\/p><\/td><td width=\"144\"><p>\u00a0<\/p><\/td><td width=\"140\"><p>\u00a0<\/p><\/td><\/tr><tr><td width=\"142\"><p>\u00a0<\/p><\/td><td width=\"140\"><p>\u00a0<\/p><\/td><td width=\"144\"><p>\u00a0<\/p><\/td><td width=\"140\"><p>\u00a0<\/p><\/td><\/tr><tr><td width=\"142\"><p>\u00a0<\/p><\/td><td width=\"140\"><p>\u00a0<\/p><\/td><td width=\"144\"><p>\u00a0<\/p><\/td><td width=\"140\"><p>\u00a0<\/p><\/td><\/tr><\/tbody><\/table><p>\u00a0<\/p><table><tbody><tr><td width=\"145\"><p>Denumire<\/p><\/td><td width=\"139\"><p>Tip<\/p><\/td><td width=\"143\"><p>Descriere<\/p><\/td><td width=\"139\"><p>Durata<\/p><\/td><\/tr><tr><td width=\"145\"><p>_gid<\/p><\/td><td width=\"139\"><p>Analize<\/p><\/td><td width=\"143\"><p>Acest cookie este instalat de Google Analytics. Cookie-ul este utilizat pentru a stoca informa\u021bii despre modul \u00een care vizitatorii folosesc un site web \u0219i ajut\u0103 la crearea unui raport de analiz\u0103 a func\u021bion\u0103rii site-ului web. Datele colectate, inclusiv num\u0103rul de vizitatori, sursa de unde provin \u0219i paginile vizitate \u00eentr-o form\u0103 anonim\u0103.<\/p><\/td><td width=\"139\"><p>1 zi<\/p><\/td><\/tr><tr><td width=\"145\"><p>\u00a0<\/p><\/td><td width=\"139\"><p>\u00a0<\/p><\/td><td width=\"143\"><p>\u00a0<\/p><\/td><td width=\"139\"><p>\u00a0<\/p><\/td><\/tr><tr><td width=\"145\"><p>\u00a0<\/p><\/td><td width=\"139\"><p>\u00a0<\/p><\/td><td width=\"143\"><p>\u00a0<\/p><\/td><td width=\"139\"><p>\u00a0<\/p><\/td><\/tr><tr><td width=\"145\"><p>Denumire<\/p><\/td><td width=\"139\"><p>Tip<\/p><\/td><td width=\"143\"><p>Descriere<\/p><\/td><td width=\"139\"><p>Durata<\/p><\/td><\/tr><tr><td width=\"145\"><p>_gat_UA-178154191-1<\/p><\/td><td width=\"139\"><p>Analize<\/p><\/td><td width=\"143\"><p>Acesta este un modul tip cookie setat de Google Analytics, \u00een care elementul tipar de pe nume con\u021bine num\u0103rul unic de identitate al contului sau al site-ului web cu care se refer\u0103. Se pare c\u0103 este o variant\u0103 a cookie-ului _gat, care este utilizat pentru a limita cantitatea de date \u00eenregistrate de Google pe site-urile cu volum mare de trafic.<\/p><\/td><td width=\"139\"><p>1 minut<\/p><\/td><\/tr><tr><td width=\"145\"><p>\u00a0<\/p><\/td><td width=\"139\"><p>\u00a0<\/p><\/td><td width=\"143\"><p>\u00a0<\/p><\/td><td width=\"139\"><p>\u00a0<\/p><\/td><\/tr><tr><td width=\"145\"><p>\u00a0<\/p><\/td><td width=\"139\"><p>\u00a0<\/p><\/td><td width=\"143\"><p>\u00a0<\/p><\/td><td width=\"139\"><p>\u00a0<\/p><\/td><\/tr><\/tbody><\/table><p><strong>\u00a0<\/strong><\/p><p><strong>Cookie-uri de inregistrare:<\/strong><\/p><p>Atunci cand te inregistrezi pe acest site, generam un cookie care ne anunta daca esti inregistrat sau nu. Serverele noastre folosesc aceste cookie-uri pentru a ne arata contul cu care esti ingregistrat si daca ai permisiunea pentru un serviciu anume. De asemenea, ne permite sa asociem orice comentariu pe care il postezi pe site-ul nostru cu username-ul tau. Daca nu ai selectat &#8220;pastreaza-ma inregistrat&#8221;, acest cookie se va sterge automat cand vei inchide browserul sau calculatorul.<\/p><p>\u00a0<\/p><table><tbody><tr><td width=\"144\"><p>Denumire<\/p><\/td><td width=\"141\"><p>Scop<\/p><\/td><td width=\"139\"><p>Tip<\/p><\/td><td width=\"142\"><p>Expira<\/p><\/td><\/tr><tr><td width=\"144\"><p>\u00a0<\/p><\/td><td width=\"141\"><p>\u00a0<\/p><\/td><td width=\"139\"><p>\u00a0<\/p><\/td><td width=\"142\"><p>\u00a0<\/p><\/td><\/tr><tr><td width=\"144\"><p>\u00a0<\/p><\/td><td width=\"141\"><p>\u00a0<\/p><\/td><td width=\"139\"><p>\u00a0<\/p><\/td><td width=\"142\"><p>\u00a0<\/p><\/td><\/tr><tr><td width=\"144\"><p>\u00a0<\/p><\/td><td width=\"141\"><p>\u00a0<\/p><\/td><td width=\"139\"><p>\u00a0<\/p><\/td><td width=\"142\"><p>\u00a0<\/p><\/td><\/tr><\/tbody><\/table><p>\u00a0<\/p><p><strong>Cookie-uri de marketing:<\/strong><\/p><p>Cookie-urile de marketing sunt instalate de servicii terte, ale unor companii cu care noi derulam activitati de marketing si publicitate. Aceste cookie-uri sunt folosite de aceste companii de publicitate pentru a crea profiluri de marketing si de a-ti afisa reclame pe alte site-uri pe care le vizitezi. Informatiile prelucrate prin aceste cookie-uri nu sunt date care te pot identifica direct, insa acestea fac identificarea unica a browser-ului tau. Acest proces ne ajuta pe noi sa nu cheltuim pe reclame afisate unui public neinteresat de produsele noastre, iar pe tine te ajuta sa primesti mai putine reclame irelevante, si mai multe informatii despre produse si servicii care te-ar putea interesa in mod real. Prin acest proces NU se face targetare pentru marketing direct. Nu vei primi informatii prin e-mail, SMS sau alt canal direct de comunicare directa in urma acceptarii acestui tip de cookie.\u00a0<\/p><table><tbody><tr><td width=\"142\"><p>Denumire<\/p><\/td><td width=\"142\"><p>Tip<\/p><\/td><td width=\"143\"><p>Descriere<\/p><\/td><td width=\"139\"><p>Durata<\/p><\/td><\/tr><tr><td width=\"142\"><p>_fbp<\/p><\/td><td width=\"142\"><p>Marketing<\/p><\/td><td width=\"143\"><p>Acest cookie este setat de Facebook pentru a livra reclame atunci c\u00e2nd acestea sunt pe Facebook sau o platform\u0103 digital\u0103 alimentat\u0103 de publicitatea Facebook dup\u0103 ce a\u021bi vizitat acest site web.<\/p><\/td><td width=\"139\"><p>3 luni<\/p><\/td><\/tr><tr><td width=\"142\"><p>\u00a0<\/p><\/td><td width=\"142\"><p>\u00a0<\/p><\/td><td width=\"143\"><p>\u00a0<\/p><\/td><td width=\"139\"><p>\u00a0<\/p><\/td><\/tr><tr><td width=\"142\"><p>\u00a0<\/p><\/td><td width=\"142\"><p>\u00a0<\/p><\/td><td width=\"143\"><p>\u00a0<\/p><\/td><td width=\"139\"><p>\u00a0<\/p><\/td><\/tr><\/tbody><\/table><p>\u00a0<\/p><p><strong>Dezactivarea si refuzul cookie-urilor<\/strong><\/p><p>Dezactivarea si\/sau refuzul de a primi cookie-uri poate face website-ul dificil de vizitat si folosit. Este posibila setarea din browser pentru ca aceste cookie-uri sa nu mai fie acceptate sau poti seta browserul sa accepte cookie-uri de la un site anume.<\/p><p>Cele mai utilizate browsere ofera posibilitatea de a schimba setarile cookie-urilor. Aceste setari se gasesc de regula in &#8220;optiuni&#8221; sau in meniul de &#8220;preferinte&#8221; al browserului tau.<\/p><p>Pentru a intelege aceste setari, urmatoarele linkuri va pot fi de folos, sau puteti folosi si optiunea &#8220;ajutor&#8221; a browserului pe care il utilizati pentru mai multe detalii.<\/p><p>\u00a0<\/p><ul><li><a href=\"https:\/\/support.google.com\/chrome\/answer\/95647?co=GENIE.Platform%3DDesktop&amp;hl=en\">Cookie settings in Google Chrome<\/a><\/li><li><a href=\"https:\/\/support.apple.com\/guide\/safari\/manage-cookies-and-website-data-sfri11471\/mac\">Cookie settings in Safari<\/a><\/li><li><a href=\"https:\/\/support.mozilla.org\/en-US\/kb\/enable-and-disable-cookies-website-preferences\">Cookie settings in Mozilla Firefox<\/a><\/li><li><a href=\"https:\/\/support.microsoft.com\/en-ph\/help\/17442\/windows-internet-explorer-delete-manage-cookies\">Cookie settings in Internet Explorer<\/a><\/li><li><a href=\"New%20Microsoft%20Word%20Document.docx\">Cookie settings in Microsoft Edge<\/a><\/li><\/ul>\t\t\t\t\t\t<\/div>\n\t\t\t\t<\/div>\n\t\t\t\t\t<\/div>\n\t\t<\/div>\n\t\t\t\t\t\t\t<\/div>\n\t\t<\/section>\n\t\t\t\t\t\t<\/div>\n\t\t\t\t\t<\/div>\n\t\t","protected":false},"excerpt":{"rendered":"<p>Politica de utilizare cookie-uri Aceasta politica se refera la cookie-urile operate de GRANDL WEB.RO (GRANDL WEB TEAM S.R.L.) si completeaza politica de prelucrare GRANDL WEB.RO (GRANDL WEB TEAM S.R.L.)in ceea ce priveste\u00a0conditiile de utilizare\u00a0a site-ului si cea a\u00a0protectiei si prelucrarii datelor cu caracter personal\u00a0in concordanta cu Regulamentul (UE) 2016\/679 (&#8220;Regulamentul general privind protectia datelor&#8221; sau [&hellip;]<\/p>\n","protected":false},"author":7,"featured_media":0,"parent":0,"menu_order":0,"comment_status":"closed","ping_status":"closed","template":"","meta":{"footnotes":""},"class_list":["post-7316","page","type-page","status-publish","hentry"],"_links":{"self":[{"href":"https:\/\/www.grandl-web.ro\/web\/wp-json\/wp\/v2\/pages\/7316","targetHints":{"allow":["GET"]}}],"collection":[{"href":"https:\/\/www.grandl-web.ro\/web\/wp-json\/wp\/v2\/pages"}],"about":[{"href":"https:\/\/www.grandl-web.ro\/web\/wp-json\/wp\/v2\/types\/page"}],"author":[{"embeddable":true,"href":"https:\/\/www.grandl-web.ro\/web\/wp-json\/wp\/v2\/users\/7"}],"replies":[{"embeddable":true,"href":"https:\/\/www.grandl-web.ro\/web\/wp-json\/wp\/v2\/comments?post=7316"}],"version-history":[{"count":4,"href":"https:\/\/www.grandl-web.ro\/web\/wp-json\/wp\/v2\/pages\/7316\/revisions"}],"predecessor-version":[{"id":7447,"href":"https:\/\/www.grandl-web.ro\/web\/wp-json\/wp\/v2\/pages\/7316\/revisions\/7447"}],"wp:attachment":[{"href":"https:\/\/www.grandl-web.ro\/web\/wp-json\/wp\/v2\/media?parent=7316"}],"curies":[{"name":"wp","href":"https:\/\/api.w.org\/{rel}","templated":true}]}}