{"id":6811,"date":"2021-05-04T01:51:57","date_gmt":"2021-05-03T22:51:57","guid":{"rendered":"https:\/\/www.grandl-web.ro\/?page_id=6811"},"modified":"2021-05-21T10:56:39","modified_gmt":"2021-05-21T07:56:39","slug":"termene-si-conditii","status":"publish","type":"page","link":"https:\/\/www.grandl-web.ro\/web\/termene-si-conditii\/","title":{"rendered":"Termene \u0219i Condi\u021bii"},"content":{"rendered":"\t\t<div data-elementor-type=\"wp-page\" data-elementor-id=\"6811\" class=\"elementor elementor-6811\" data-elementor-settings=\"[]\">\n\t\t\t\t\t\t\t<div class=\"elementor-section-wrap\">\n\t\t\t\t\t\t\t<section class=\"elementor-section elementor-top-section elementor-element elementor-element-17eea31 elementor-section-boxed elementor-section-height-default elementor-section-height-default\" data-id=\"17eea31\" data-element_type=\"section\">\n\t\t\t\t\t\t<div class=\"elementor-container elementor-column-gap-default\">\n\t\t\t\t\t<div class=\"elementor-column elementor-col-100 elementor-top-column elementor-element elementor-element-b936c4b ot-flex-column-vertical\" data-id=\"b936c4b\" data-element_type=\"column\">\n\t\t\t<div class=\"elementor-widget-wrap elementor-element-populated\">\n\t\t\t\t\t\t\t\t<div class=\"elementor-element elementor-element-c3f78ad elementor-widget elementor-widget-text-editor\" data-id=\"c3f78ad\" data-element_type=\"widget\" data-widget_type=\"text-editor.default\">\n\t\t\t\t<div class=\"elementor-widget-container\">\n\t\t\t\t\t\t\t\t<p>\u00a0<\/p><p>GRANDL-WEB.ro (Grandl Web Team S.R.L.) se angajeaza sa prelucreze datele personale in conformitate cu normele legale aplicabile in vigoare in Romania, precum si cu principiile stabilite in Regulamentul (UE) 2016\/679 al Parlamentului European si al Consiliului din 27 aprilie 2016 privind protectia persoanelor fizice in ceea ce priveste prelucrarea datelor cu caracter personal si privind libera circulatie a acestor date si de abrogare a Directivei 95\/46\/CE (\u201eRegulamentul general privind protectia datelor\u201d sau \u201eGDPR\u201d).<\/p><p>Pentru realizarea acestui obiectiv, colectam, procesam si stocam datele cu caracter personal ale persoanelor vizate in conformitate cu cerintele impuse de reglementarile privind protectia datelor cu caracter personal.<\/p><p>Aceasta politica explica modul in care putem colecta, precesa si stoca date cu caracter personal sau informatii cu privire la persoanele vizate si descrie drepturile pe care le aveti cu privire la datele dvs. personale, in calitate de persoane vizate. Va invitam sa acordati cateva momente pentru a citi aceasta politica cu atentie.<\/p><p><strong>Definitii<\/strong><\/p><table width=\"100%\"><tbody><tr><td><p>\u00a0<\/p><\/td><td><p><strong>\u201edate cu caracter personal\u201d<\/strong> \u00eenseamn\u0103 orice informa\u021bii privind o persoan\u0103 fizic\u0103 identificat\u0103 sau identificabil\u0103 (\u201epersoana vizat\u0103\u201d); o persoan\u0103 fizic\u0103 identificabil\u0103 este o persoan\u0103 care poate fi identificat\u0103, direct sau indirect, \u00een special prin referire la un element de identificare, cum ar fi un nume, un num\u0103r de identificare, date de localizare, un identificator online, sau la unul sau mai multe elemente specifice, proprii identit\u0103\u021bii sale fizice, fiziologice, genetice, psihice, economice, culturale sau sociale;<\/p><p>2. <strong>\u201eprelucrare\u201d<\/strong> \u00eenseamn\u0103 orice opera\u021biune sau set de opera\u021biuni efectuate asupra datelor cu caracter personal sau asupra seturilor de date cu caracter personal, cu sau f\u0103r\u0103 utilizarea de mijloace automatizate, cum ar fi colectarea, \u00eenregistrarea, organizarea, structurarea, stocarea, adaptarea sau modificarea, extragerea, consultarea, utilizarea, divulgarea prin transmitere, diseminarea sau punerea la dispozi\u021bie \u00een orice alt mod, alinierea sau combinarea, restric\u021bionarea, \u0219tergerea sau distrugerea;<\/p><p>3. <strong>\u201erestric\u021bionarea prelucr\u0103rii\u201d<\/strong> \u00eenseamn\u0103 marcarea datelor cu caracter personal stocate cu scopul de a limita prelucrarea viitoare a acestora;<\/p><p>4. <strong>\u201eoperator\u201d<\/strong> \u00eenseamn\u0103 persoana fizic\u0103 sau juridic\u0103, autoritatea public\u0103, agen\u021bia sau alt organism care, singur sau \u00eempreun\u0103 cu altele, stabile\u0219te scopurile \u0219i mijloacele de prelucrare a datelor cu caracter personal; atunci c\u00e2nd scopurile \u0219i mijloacele prelucr\u0103rii sunt stabilite prin dreptul Uniunii sau dreptul intern, operatorul sau criteriile specifice pentru desemnarea acestuia pot fi prev\u0103zute \u00een dreptul Uniunii sau \u00een dreptul intern;<\/p><p>5. <strong>\u201epersoan\u0103 \u00eemputernicit\u0103 de operator\u201d<\/strong> \u00eenseamn\u0103 persoana fizic\u0103 sau juridic\u0103, autoritatea public\u0103, agen\u021bia sau alt organism care prelucreaz\u0103 datele cu caracter personal \u00een numele operatorului;<\/p><p>6. \u201e<strong>consim\u021b\u0103m\u00e2nt\u201d<\/strong> al persoanei vizate \u00eenseamn\u0103 orice manifestare de voin\u021b\u0103 liber\u0103, specific\u0103, informat\u0103 \u0219i lipsit\u0103 de ambiguitate a persoanei vizate prin care aceasta accept\u0103, printr-o declara\u021bie sau printr-o ac\u021biune f\u0103r\u0103 echivoc, ca datele cu caracter personal care o privesc s\u0103 fie prelucrate;<\/p><\/td><\/tr><\/tbody><\/table><p><strong>Identitatea operatorului de date<\/strong><\/p><p>Datele completate in acest formular sunt prelucrate S.C GRANDL WEB TEAML S.R.L, cu sediul in Str. Prelungirea Liliacului, nr. 6, Constanta, Constanta, inscrisa in Registrul Comertului cu numarul\u00a0J13\/477\/16.02.2021, CUI 43744276, denumita in continuare Operator sau Grandl-web.ro.<\/p><p><strong>Scopul prelucrarii<\/strong><\/p><p>Datele colectate de acest website sunt prelucrate in urmatoarele scopuri:<\/p><ol><li><strong>Crearea si administrarea unui cont in cadrul magazinului online<\/strong><\/li><\/ol><p>Prelucram datele dumneavoastra pentru a va putea crea contul de utilizator.<\/p><ol start=\"2\"><li><strong>Gestionarea comenzilor efectuate prin intermediul magazinul online<\/strong><\/li><\/ol><p>Prelucram datele dumneavoastra pentru a putea prelua comanda, inregistra plata, valida comanda, factura comanda, expedia comanda, anula comanda\u00a0 sau returna produsul comandat;<\/p><ol start=\"3\"><li><strong>Plata cumparaturilor\/ restituirea platii in caz de retur de produs\/ anulare comanda;<\/strong><\/li><\/ol><p>Prelucram datele dumneavoastra pentru a putea gestiona platile efectuate si pentru a putea finaliza cu success comenzile efectuate de catre dumneavoastra.<\/p><ol start=\"4\"><li><strong>Asigurarea serviciilor asistenta si suport, precum administrarea contului, detalii despre produse, statusul comenzii dumneavoastra;<\/strong><\/li><\/ol><p>Utilizam datele dumneavoastra pentru va asigura intreg suportul cu privire la contul dumneavoastra de client, comenzile pe care le-ati plasat in magazinul online sau pentru a va oferii detalii suplimentare despre produse.<\/p><ol start=\"5\"><li><strong>In scopuri de marketing <\/strong><\/li><\/ol><p>Pentru a va tine la curent cu ofertele noastre, dorim sa va oferim informatie relevanta intereselor dumneavoastra, referitoare la produsele si serviciile Operatorului. Din acest motiv transmitem prin canale de comunicare electronica (e-mail, SMS, telefonic, notificari prin browser, etc.) informatii cu privire la produse si servicii similare ori complementare celor cumparate sau pentru care ati aratat interes de cumparare.<\/p><ol start=\"6\"><li><strong>In scopul imbunatatirii serviciilor;<\/strong><\/li><\/ol><p>Dupa finalizarea comenzii va putem invita sa completati un chestionar de satisfactie in ceea ce priveste produsele sau serviciile achizitionate.<\/p><ol start=\"7\"><li><strong>Mentenanta si securizarea website-ului Magazinul\u00a0\u00a0Online;<\/strong><\/li><\/ol><p>Prelucram datele dumnavoastra pentru a asigura o buna functionare a Magazinului online, afisara corecta a continutului, imbunatatire website, asigurarea securitatii website-ului si pentru a va proteja impotriva oricarei fraude sau brese de securitate, identificarea si remedierea defectiunilor ce conduc la o utilizare greoaie a website-ului sau imposibilitatea de a fi utilizat.<\/p><ol start=\"8\"><li><strong>Audit si raportari;<\/strong><\/li><\/ol><p>Prelucram datele dumneavoastra pentru pentru auditarea financiara anuala, precum si pentru depunerea declaratiilor fiscale si contabile la autoritatile fiscale, respective pentru a ne indeplinii obligatiile legale impuse de prevederile legale aplicabile in materie fiscal si contabila.<\/p><ol start=\"9\"><li><strong>Apararea drepturilor in justitie;<\/strong><\/li><\/ol><p>Prelucram datele dumneavoastra necesare formularii unor intampinari, concluzii scrise, cereri, petitii, etc., doar in situatia in care suntem nevoiti sa ne aparam drepturile in instanta prentru recuperarea unor prejudicii cauzate sau atunci cand ne aparam drepturile pentru reclamatii nejustificate<\/p><ol start=\"10\"><li><strong>Proceduri si investigatii ale autoritatilor si\/sau organelor judiciare;<\/strong><\/li><\/ol><p>Doar in situatii specifice, atunci cand exista solicitari specifice din partea autoritatilor si a institutiilor competente vom furniza datele dumneavoastra catre acestia conform legii.<\/p><p><strong>Temeiul juridic<\/strong><\/p><ol><li>Prelucrarea datelor necesare pentru <strong>crarea si administrarea unui cont de utilizator<\/strong> sunt prelucrate in baza temeiul juridic reglementat de Regulamentul General pentru Protectia Datelor <strong>(GDPR) la Art. 6, lit. a <\/strong>\u2013 consimtamantul acordat de persoana vizata.<\/li><li>Datele colectate pentru <strong>gestionarea comenzilor efectuate prin intermediul magazinului online<\/strong> sunt prelucrate in baza temeiul juridic reglementat de Regulamentul General pentru Protectia Datelor <strong>(GDPR) la Art. 6, lit. b <\/strong>\u2013 executarea unui contract sau demersuri in vederea incheierii unui contract.<\/li><li>Datele colectate pentru <strong>Plata cumparaturilor\/ restituirea platii in caz de retur de produs\/ anulare comanda<\/strong> sunt prelucrate in baza temeiul juridic reglementat de Regulamentul General pentru Protectia Datelor <strong>(GDPR) la Art. 6, lit. b<\/strong> \u2013 executarea unui contract sau demersuri in vederea incheierii unui contract.<\/li><li>Datele colectate pentru <strong>Asistenta si Suport <\/strong>sunt prelucrate in baza temeiul juridic reglementat de Regulamentul General pentru Protectia Datelor <strong>(GDPR) la Art. 6, lit. a <\/strong>\u2013 consimtamantul acordat de persoana vizata.<\/li><li>Datele colectate in <strong>Scopuri de marketing<\/strong> sunt prelucrate in baza temeiului juridic reglementat de Regulamentul General pentru Protectia Datelor <strong>(GDPR) la Art. 6, lit. a <\/strong>\u2013 consimtamantul acordat de persoana vizata.<\/li><li>Datele colectate <strong>In <\/strong><strong>scopul imbunatatirii serviciilor <\/strong>sunt prelucrate in baza temeiul juridic reglementat de Regulamentul General pentru Protectia Datelor <strong>(GDPR) la Art. 6, lit. a <\/strong>\u2013 consimtamantul acordat de persoana vizata.<\/li><li>Datele colectate pentru a asigura <strong>Mentenanta si securizarea website-ului Magazinul\u00a0\u00a0Online <\/strong>sunt prelucrate in baza temeiul juridic reglementat de Regulamentul General pentru Protectia Datelor <strong>(GDPR) la Art. 6, lit. f <\/strong>\u2013 prelucrarea este necesara in scopul intereselor legitime urmarite de operator sau de o parte terta.<\/li><li>Datele colectate pentru indeplinirea scopului de <strong>Audit si raportari <\/strong>sunt prelucrate in baza temeiul juridic reglementat de Regulamentul General pentru Protectia Datelor <strong>(GDPR) la Art. 6, lit. c <\/strong>\u2013 prelucrarea este necesara in vederea indeplinirii unei obligatii legale care ii revine operatorului;<\/li><li>Utilizarea datelor pentru <strong>Apararea drepturilor in justitie <\/strong>se realizaeaza in baza temeiul juridic reglementat de Regulamentul General pentru Protectia Datelor <strong>(GDPR) la Art. 6, lit. f <\/strong>\u2013 prelucrarea este necesara in scopul intereselor legitime urmarite de operator sau de o parte terta.<\/li><li>Utilizarea datelor necesare ueni <strong>Proceduri si investigatii ale autoritatilor si\/sau organelor judiciare <\/strong>se realizeaza in baza temeiul juridic reglementat de Regulamentul General pentru Protectia Datelor <strong>(GDPR) la Art. 6, lit. c <\/strong>\u2013 prelucrarea este necesara in vederea indeplinirii unei obligatii legale care ii revine operatorului;<\/li><\/ol><p>\u00a0<\/p><p><strong>Datele prelucrate<\/strong><\/p><ol><li>Pentru <strong>Crearea si administrarea unui cont in cadrul magazinului online <\/strong>prelucram urmatoarele date cu caracter personal: E-mail, Nume, Prenume, Adresa de facturare, Adresa de livrare,<\/li><li>Pentru <strong>Gestionarea comenzilor efectuate prin intermediul magazinul online <\/strong>prelucram urmatoarele date cu caracter personal : Nume, Prenume, Numar de telefon, Adresa de e-mail,\u00a0 Nume Companie, Tara\/Regiune, Adresade livrare si Adresa de Facturare, datele Contului Bancar ( IBAN, Nume Platitor, BiC\/SWIFT banca) in cazul rambursarii sumelor provenite din retururi sau din executarea garantiei produsului\/lor. In sitatia in care nu exista un cont creat pe website-ul magazinului online vor fi prelucrate aceleasi date.<\/li><li>Pentru<strong> Plata cumparaturilor\/ restituirea platii in caz de retur de produs\/ anulare comanda<\/strong> prelucram urmatoarele datele: Contul Bancar ( IBAN, Nume Platitor, BIC\/SWIFT banca) in cazul platilor efectuate prin transfer bancar. In cazul platilor electronice efectuate prin intermediul unui card de debit sau credit, datele cardului nu vor fi colectate si stocate de Sursa-Led.ro (operatorul) ci doar de entitatea de autorizare a tranzactiei, in cazul acestor tranzactii Sursa-Led.ro va prelucra doar Nume, Prenume, id comanda si sitatia platii(efectuata\/neefectuata).<\/li><li>Pentru<strong> Asigurarea serviciilor asistenta si suport, precum administrarea contului, detalii despre produse, statusul comenzii dumneavoastra <\/strong>prelucram urmatoarele date cu caracter personal: Nume, Prenume, Adresa de e-mail, Numar de telefon si ID Comanda.<\/li><li>Pentru indeplinirea<strong> Scopuri de marketing <\/strong>prelucram urmatoarele date cu caracter personal: Nume, Prenume, Adresa de E-mail, Numar de telefon.<\/li><li>Pentru indeplinirea scopului de <strong>imbunatatire a serviciilor <\/strong>prelucram urmatoarele date cu caracter personal: Nume, Prenume, Adresa de E-mail, Numar de telefon.<\/li><li>Pentru scopul de<strong> Mentenanta si securizarea website-ului Magazinul\u00a0\u00a0Online <\/strong>prelucram urmatoarele date cu caracter personal: Adresa IP, Browser-ul de internet utilizat, Date de Protocol HTTP\/HTTPS, locatia dispozituvului(doar daca ati autorizat dispozitivul sa furnizeze geolocatia).<\/li><li>Pentru indeplinirea scoului privind <strong>Auditul si raportarile <\/strong>prelucram datele dumneavoastra pentru a ne conforma normelor legale applicate in materie fiscala si contabila.<\/li><li>Pentru scopul de <strong>Apararea drepturilor in justitie <\/strong>prelucram doar datele necesare investigatiei si solutionarii cazului.<\/li><li>In situatia unor<strong> Proceduri si investigatii ale autoritatilor si\/sau organelor judiciare <\/strong>vom pune la dispozitie datele solicitate acestia.<\/li><\/ol><p>\u00a0<\/p><p><strong>Perioadele de stocare<\/strong><\/p><ol><li>Datele colectate in scopul crearii si administrarii contului se vor stoca cat timp aveti un contul active. Puteti sa ne solicitati oricand stergerea anumitor informatii sau inchiderea contului si vom da curs acestor solicitari, sub rezerva pastrarii anumitor informatii inclusiv ulterior inchiderii contului, in situatiile in care legislatia aplicabila sau interesele noastre legitime o impun.<\/li><li>Datele colectate in vederea procesarii comenzilor, returnarea produselor si rambursarea contravalorii se vor stoca pe o perioada de 10 ani conform reglementarilor fiscale in vigoare.<\/li><li>Datele colectate in scop de marketin se vor stoca pe o perioada de 3 ani de la data acordarii consimtamantului.<\/li><li>Datele colectate in scopul imbunatatirii serviciilor oferite de catre operator se vor stoca pe o perioada de 1 an.<\/li><\/ol><p><strong>Modul de prelucrare<\/strong><\/p><p>&#8211;\u00a0\u00a0\u00a0\u00a0\u00a0\u00a0\u00a0\u00a0 Pentru procesarea sau gestionarea comenzilor, datele sunt extrase si utilizate pentru pregatirea documentelor de facturare si de livrare, detaliile de livrare sunt incarcate in aplicatia de curier pentru etichetare si livrare, datele de facturare sunt introduse in sistemul nostru de gestiune pentru emiterea facturii si trimiterea ei catre cumparator, prin e-mail.<\/p><p>&#8211;\u00a0\u00a0\u00a0\u00a0\u00a0\u00a0\u00a0\u00a0 Pentru scopul de comunicare ulterioara, datele sunt extrase periodic si utilizate petru expedierea de mesaje prin e-mail, SMS sau telefon in legatura cu noutatile, sau ofertele relevante ale operatorului pentru persoana vizata.<\/p><p>&#8211;\u00a0\u00a0\u00a0\u00a0\u00a0\u00a0\u00a0\u00a0 Datele tale nu vor fi utilizate in niciun alt scop. Datele tale nu fac obiectul niciunei decizii bazate exclusiv pe prelucrari automate, care sa produca efecte juridice sau alt impact similar.<\/p><p>\u00a0<\/p><p><strong>\u00a0<\/strong><\/p><p><strong>Confidentialitate<\/strong><\/p><p>Datele dumneavoastra sunt prelucrate si stocate in conditii de siguranta pe servere securizate, conform normelor legale in vigoare. Subimputernicitii sau persoanele ce pot fi autorizate sa prelucreze datele dumneavoastra cu caracter personal se obliga sa respecte toate prevederile legale in vigoare in materie de protectie da datelor pot fi din urmatoarele categorii sunt companii de curierat, companii care ofera servicii IT, de gazduire web, servicii de telefonie mobila, companii de audit fara a ne limita la acestea.<\/p><p><strong>Drepturile tale<\/strong><\/p><p><strong>\u00a0<\/strong><\/p><p>Conform legii, persoanele vizate beneficiaza de o serie de drepturi, in calitate de persoana vizata, respectiv:<\/p><ol><li>a.\u00a0\u00a0\u00a0\u00a0\u00a0\u00a0\u00a0<strong>Dreptul de acces<\/strong>: aveti dreptul de a obtine de la Operator confirmarea ca prelucreaza datele dvs. cu caracter personal, precum si informatii privind specificul prelucrarii cum ar fi: scopul, categoriile de date cu caracter personal prelucrate, destinatarii datelor, perioada pentru care datele sunt pastrate, existenta dreptului de rectificare, stergere sau restrictionare a prelucrarii. Acest drept va permite sa obtineti gratuit o copie a datelor cu caracter personal prelucrate, precum si contracost orice copii suplimentare;<\/li><li><strong>Dreptul de rectificare a datelor:<\/strong> persoanele vizate au dreptul de a solicita modificarea datelor lor cu caracter personal incorecte ori, dupa caz, completarea datele care sunt incomplete;<\/li><li><strong>Dreptul la stergere:<\/strong> puteti solicita stergerea datelor dvs. cu caracter personal atunci cand:<\/li><\/ol><p>&#8211;\u00a0\u00a0\u00a0\u00a0\u00a0\u00a0\u00a0\u00a0 acestea nu mai sunt necesare pentru scopurile pentru care au fost colectate si sunt prelucrate;<\/p><p>&#8211;\u00a0\u00a0\u00a0\u00a0\u00a0\u00a0\u00a0\u00a0 v-ati retras consimtamantul pentru prelucrarea datelor cu caracter personal si Organizatorul nu le mai poate prelucra pe alte temeiuri legale;<\/p><p>&#8211;\u00a0\u00a0\u00a0\u00a0\u00a0\u00a0\u00a0\u00a0 datele cu caracter personal sunt prelucrate contrar legii;<\/p><p>&#8211;\u00a0\u00a0\u00a0\u00a0\u00a0\u00a0\u00a0\u00a0 datele cu caracter personal trebuie sterse conform legislatiei relevante.<\/p><ol><li><strong>Retragerea consimtamantului<\/strong> <strong>si dreptul de opozitie:<\/strong> aveti dreptul de a va retrage oricand consimtamantul cu privire la prelucrarea datelor cu caracter personal prelucrate pe baza acordului dvs.. De asemenea va puteti opune oricand prelucrarilor pentru scop de marketing, inclusiv profilarilor efectuate in acest scop, precum si prelucrarilor bazate pe interesul legitim al Operatorului, din motive care tin de situatia dvs. specifica.<\/li><li><strong>Restrictionare:<\/strong> aveti dreptul de a solicita restrictionarea prelucrarii datelor in urmatoarele situatii:<\/li><\/ol><p>&#8211;\u00a0\u00a0\u00a0\u00a0\u00a0\u00a0\u00a0\u00a0 in cazul in care se contesta corectitudinea datelor cu caracter personal, pentru o perioada care\u00a0 permite Organizatorului sa verifice exactitatea datelor in cauza;<\/p><p>&#8211;\u00a0\u00a0\u00a0\u00a0\u00a0\u00a0\u00a0\u00a0 in cazul in care prelucrarea este ilegala, iar persoanele vizate se opun stergerii datelor cu caracter personal, solicitand in schimb restrictionarea utilizarii lor;<\/p><p>&#8211;\u00a0\u00a0\u00a0\u00a0\u00a0\u00a0\u00a0\u00a0 in cazul in care Organizatorul nu mai are nevoie de datele cu caracter personal in scopul prelucrarii, dar persoanele vizate le solicita pentru o actiune in instanta;<\/p><p>&#8211;\u00a0\u00a0\u00a0\u00a0\u00a0\u00a0\u00a0\u00a0 in cazul in care persoanele vizate s-au opus prelucrarii, pentru intervalul de timp in care se verifica daca drepturile legitime ale Operatorului prevaleaza asupra drepturilor lor in calitate de persoana vizata.<\/p><ol><li><strong>Dreptul la portabilitate:<\/strong> in masura in care Organizatorul prelucreaza datele cu caracter personal prin mijloace automate, persoanele vizate au dreptul sa solicite Organizatorului sa furnizeze datele lor cu caracter personal intr-o forma structurata, utilizata frecvent si care poate fi citita in mod automatizat (spre exemplu in format CSV).\u00a0 Daca persoanele vizate solicita acest lucru, Organizatorul poate sa transmita datele cu caracter personal ale acestora unei alte entitati, daca este posibil din punct de vedere tehnic.\u00a0<\/li><\/ol><p>Dreptul de a depune o plangere la autoritatea de supraveghere: persoanele vizate au dreptul de a depune o plangere la autoritatea de supraveghere a prelucrarii datelor in cazul in care considera ca le-au fost incalcate drepturile: Autoritatea Nationala pentru Supravegherea Prelucrarii Datelor cu Caracter Personal B-dul G-ral. Gheorghe Magheru 28-30 Sector 1, cod postal 010336 Bucuresti, Romania <a href=\"mailto:anspdcp@dataprotection.ro\">anspdcp@dataprotection.ro<\/a>.<\/p><p>\u00a0<\/p><p><strong>Modalitati de exercitare a drepturilor<\/strong><\/p><p>Pentru orice solicitare legata de datele personale, in procesul de exercitare a drepturilor mentionate in capitolul anterior, persoana vizata poate contacta Operatorul prin oricare mijloace dintre cele urmatoare:<\/p><p>E-mail: office@grandl-web.ro<\/p><p>\u00a0<\/p><p><strong>Dreptul de actualizare si modificare a politicii de confidentialitate<\/strong><\/p><p>Ne rezervam dreptul de a actualiza si modifica periodic aceasta Politica de Confidentialitate, pentru a reflecta orice modificari ale modului in care prelucram datele dumneavoastra cu caracter personal sau orice modificari ale cerintelor legale. In cazul oricarei astfel de modificari, vom afisa pe website-ul nostru versiunea modificata a Politicii de Confidentialitate, motiv pentru care va rugam sa verificati periodic continutul acestei Politici de Confidentialitate.<\/p>\t\t\t\t\t\t<\/div>\n\t\t\t\t<\/div>\n\t\t\t\t\t<\/div>\n\t\t<\/div>\n\t\t\t\t\t\t\t<\/div>\n\t\t<\/section>\n\t\t\t\t\t\t<\/div>\n\t\t\t\t\t<\/div>\n\t\t","protected":false},"excerpt":{"rendered":"<p>\u00a0 GRANDL-WEB.ro (Grandl Web Team S.R.L.) se angajeaza sa prelucreze datele personale in conformitate cu normele legale aplicabile in vigoare in Romania, precum si cu principiile stabilite in Regulamentul (UE) 2016\/679 al Parlamentului European si al Consiliului din 27 aprilie 2016 privind protectia persoanelor fizice in ceea ce priveste prelucrarea datelor cu caracter personal si [&hellip;]<\/p>\n","protected":false},"author":7,"featured_media":0,"parent":0,"menu_order":0,"comment_status":"closed","ping_status":"closed","template":"","meta":{"footnotes":""},"class_list":["post-6811","page","type-page","status-publish","hentry"],"_links":{"self":[{"href":"https:\/\/www.grandl-web.ro\/web\/wp-json\/wp\/v2\/pages\/6811","targetHints":{"allow":["GET"]}}],"collection":[{"href":"https:\/\/www.grandl-web.ro\/web\/wp-json\/wp\/v2\/pages"}],"about":[{"href":"https:\/\/www.grandl-web.ro\/web\/wp-json\/wp\/v2\/types\/page"}],"author":[{"embeddable":true,"href":"https:\/\/www.grandl-web.ro\/web\/wp-json\/wp\/v2\/users\/7"}],"replies":[{"embeddable":true,"href":"https:\/\/www.grandl-web.ro\/web\/wp-json\/wp\/v2\/comments?post=6811"}],"version-history":[{"count":3,"href":"https:\/\/www.grandl-web.ro\/web\/wp-json\/wp\/v2\/pages\/6811\/revisions"}],"predecessor-version":[{"id":7398,"href":"https:\/\/www.grandl-web.ro\/web\/wp-json\/wp\/v2\/pages\/6811\/revisions\/7398"}],"wp:attachment":[{"href":"https:\/\/www.grandl-web.ro\/web\/wp-json\/wp\/v2\/media?parent=6811"}],"curies":[{"name":"wp","href":"https:\/\/api.w.org\/{rel}","templated":true}]}}